{"id":8,"date":"2015-03-26T10:34:22","date_gmt":"2015-03-26T10:34:22","guid":{"rendered":"http:\/\/trekronerbo.dk.w2.ito-hosting.com\/?page_id=8"},"modified":"2018-08-11T09:31:02","modified_gmt":"2018-08-11T09:31:02","slug":"kontakt","status":"publish","type":"page","link":"http:\/\/trekronerbo.dk\/?page_id=8","title":{"rendered":"Kontakt"},"content":{"rendered":"<p><span class=\"printbody\">Hvis du \u00f8nsker at tage kontakt til os, kan du sende en mail til<b>\u00a0<\/b>b<\/span><span class=\"printbody\">estyrelsen\u00a0p\u00e5 e-mail: <a href=\"mailto:bestyrelsen@trekronerbo.dk\">bestyrelsen@trekronerbo.dk<\/a><\/span><span class=\"boxcanvas style3\"><br \/>\n<\/span><\/p>\n<p>Vi har ingen venteliste til foreningen, da husene er ejerboliger, som udbydes p\u00e5 markedsvilk\u00e5r. Hvis der er et hus til salg, vil det derfor fremg\u00e5 af fx <a href=\"http:\/\/www.boliga.dk\" target=\"_blank\" rel=\"noopener\">www.boliga.dk<\/a><span class=\"printbody\">.<\/span><\/p>\n","protected":false},"excerpt":{"rendered":"<p>Hvis du \u00f8nsker at tage kontakt til os, kan du sende en mail til\u00a0bestyrelsen\u00a0p\u00e5 e-mail: bestyrelsen@trekronerbo.dk Vi har ingen venteliste til foreningen, da husene er ejerboliger, som udbydes p\u00e5 markedsvilk\u00e5r. Hvis der er et hus til salg, vil det derfor fremg\u00e5 af fx www.boliga.dk.<\/p>\n","protected":false},"author":1,"featured_media":0,"parent":0,"menu_order":0,"comment_status":"open","ping_status":"open","template":"","meta":[],"_links":{"self":[{"href":"http:\/\/trekronerbo.dk\/index.php?rest_route=\/wp\/v2\/pages\/8"}],"collection":[{"href":"http:\/\/trekronerbo.dk\/index.php?rest_route=\/wp\/v2\/pages"}],"about":[{"href":"http:\/\/trekronerbo.dk\/index.php?rest_route=\/wp\/v2\/types\/page"}],"author":[{"embeddable":true,"href":"http:\/\/trekronerbo.dk\/index.php?rest_route=\/wp\/v2\/users\/1"}],"replies":[{"embeddable":true,"href":"http:\/\/trekronerbo.dk\/index.php?rest_route=%2Fwp%2Fv2%2Fcomments&post=8"}],"version-history":[{"count":4,"href":"http:\/\/trekronerbo.dk\/index.php?rest_route=\/wp\/v2\/pages\/8\/revisions"}],"predecessor-version":[{"id":769,"href":"http:\/\/trekronerbo.dk\/index.php?rest_route=\/wp\/v2\/pages\/8\/revisions\/769"}],"wp:attachment":[{"href":"http:\/\/trekronerbo.dk\/index.php?rest_route=%2Fwp%2Fv2%2Fmedia&parent=8"}],"curies":[{"name":"wp","href":"https:\/\/api.w.org\/{rel}","templated":true}]}}