{"id":11,"date":"2015-03-26T10:37:27","date_gmt":"2015-03-26T10:37:27","guid":{"rendered":"http:\/\/trekronerbo.dk.w2.ito-hosting.com\/?page_id=11"},"modified":"2020-04-18T17:35:30","modified_gmt":"2020-04-18T16:35:30","slug":"om-trekronerbo","status":"publish","type":"page","link":"http:\/\/trekronerbo.dk\/?page_id=11","title":{"rendered":"Om Trekronerbo"},"content":{"rendered":"<p><span class=\"printbody\">Velkommen til det moderne bof\u00e6llesskab Trekroner Bo. Vi er 66 voksne og 120 b\u00f8rn og, ved sidste opt\u00e6lling, 4 hunde, 12 katte og 14 kaniner. Trekroner Bo blev bygget i 2002\/03 og best\u00e5r af 17 dobbelthuse, i alt alts\u00e5 34 ejerhuse med individuelle planl\u00f8sninger og sm\u00e5 haver. Sammen ejer vi et f\u00e6lleshus og store gr\u00f8nne arealer med legepladser, hyggekroge og fodboldbane.<\/span><\/p>\n<p>Vi ligger p\u00e5 Isafjordvej i den forholdsvis nye bydel Trekroner i Roskilde, <a href=\"http:\/\/trekronerbo.dk\/wp-content\/uploads\/2020\/04\/Trekronerbo2-scaled.jpg\"><img decoding=\"async\" loading=\"lazy\" class=\"wp-image-1444 alignleft\" src=\"http:\/\/trekronerbo.dk\/wp-content\/uploads\/2020\/04\/Trekronerbo2-300x225.jpg\" alt=\"\" width=\"359\" height=\"269\" srcset=\"http:\/\/trekronerbo.dk\/wp-content\/uploads\/2020\/04\/Trekronerbo2-300x225.jpg 300w, http:\/\/trekronerbo.dk\/wp-content\/uploads\/2020\/04\/Trekronerbo2-1024x768.jpg 1024w, http:\/\/trekronerbo.dk\/wp-content\/uploads\/2020\/04\/Trekronerbo2-768x576.jpg 768w, http:\/\/trekronerbo.dk\/wp-content\/uploads\/2020\/04\/Trekronerbo2-1536x1152.jpg 1536w, http:\/\/trekronerbo.dk\/wp-content\/uploads\/2020\/04\/Trekronerbo2-2048x1536.jpg 2048w\" sizes=\"(max-width: 359px) 100vw, 359px\" \/><\/a>hvor vi har seks vuggestuer, seks b\u00f8rnehaver, to skoler, et universitet, gode indk\u00f8bsmuligheder, fris\u00f8r, \u00f8kologisk g\u00e5rdk\u00f8bmand, cykelsmed, t\u00f8jbutikker, apotek, ca. fire tog i timen til og fra K\u00f8benhavn, store gr\u00f8nne omr\u00e5der, mange bof\u00e6llesskaber og et voksende antal enmands- og freelancevirksomheder. Trekroner har en slags im\u00f8dekommende nybygger\u00e5nd og tilbyder rigtig gode netv\u00e6rksmuligheder.<\/p>\n<p>Mange i Trekroner Bo vil sige, at hjertet i foreningen er aktiviteterne i vores f\u00e6lleshus. Her afholdes vores tre ugentlige f\u00e6llesspisninger. De er frivillige at deltage i, og man kan v\u00e6lge det til og fra, s\u00e5 meget man \u00f8nsker. Huset er ogs\u00e5 rammen om en r\u00e6kke arrangementer som foredrag og kurser eller tilbagevendende fester ved jul, fastelavn, midsommer, sommer, folketingsvalg, MGP, v\u00e6sentlige sportsbegivenheder, \u00f8lbrygning, madbattles osv.<\/p>\n<p>N\u00e5r vi ikke fester, passer vi selv vores f\u00e6llesarealer, hvilket betyder, at alle i et eller andet omfang sl\u00e5r gr\u00e6s, passer f\u00e6lleshus, luer mellem fliser, skovler sne osv. Arbejdet hermed foreg\u00e5r i laug.<\/p>\n<p>Vi har et meget t\u00e6t naboskab i foreningen, og der er aldrig langt til en hj\u00e6lpende h\u00e5nd, et godt r\u00e5d eller en god snak.<\/p>\n<p>Vi har ingen venteliste til foreningen, da husene er ejerboliger, som udbydes p\u00e5 markedsvilk\u00e5r. Hvis der er et hus til salg, vil det derfor fremg\u00e5 af fx <a href=\"http:\/\/www.boliga.dk\" target=\"_blank\" rel=\"noopener noreferrer\">www.boliga.dk<\/a><span class=\"printbody\">.<\/span><\/p>\n","protected":false},"excerpt":{"rendered":"<p>Velkommen til det moderne bof\u00e6llesskab Trekroner Bo. Vi er 66 voksne og 120 b\u00f8rn og, ved sidste opt\u00e6lling, 4 hunde, 12 katte og 14 kaniner. Trekroner Bo blev bygget i 2002\/03 og best\u00e5r af 17 dobbelthuse, i alt alts\u00e5 34 ejerhuse med individuelle planl\u00f8sninger og sm\u00e5 haver. Sammen ejer vi et f\u00e6lleshus og store gr\u00f8nne [&hellip;]<\/p>\n","protected":false},"author":7,"featured_media":0,"parent":0,"menu_order":0,"comment_status":"open","ping_status":"open","template":"","meta":[],"_links":{"self":[{"href":"http:\/\/trekronerbo.dk\/index.php?rest_route=\/wp\/v2\/pages\/11"}],"collection":[{"href":"http:\/\/trekronerbo.dk\/index.php?rest_route=\/wp\/v2\/pages"}],"about":[{"href":"http:\/\/trekronerbo.dk\/index.php?rest_route=\/wp\/v2\/types\/page"}],"author":[{"embeddable":true,"href":"http:\/\/trekronerbo.dk\/index.php?rest_route=\/wp\/v2\/users\/7"}],"replies":[{"embeddable":true,"href":"http:\/\/trekronerbo.dk\/index.php?rest_route=%2Fwp%2Fv2%2Fcomments&post=11"}],"version-history":[{"count":12,"href":"http:\/\/trekronerbo.dk\/index.php?rest_route=\/wp\/v2\/pages\/11\/revisions"}],"predecessor-version":[{"id":1602,"href":"http:\/\/trekronerbo.dk\/index.php?rest_route=\/wp\/v2\/pages\/11\/revisions\/1602"}],"wp:attachment":[{"href":"http:\/\/trekronerbo.dk\/index.php?rest_route=%2Fwp%2Fv2%2Fmedia&parent=11"}],"curies":[{"name":"wp","href":"https:\/\/api.w.org\/{rel}","templated":true}]}}